{"id":9217,"date":"2021-02-15T22:56:10","date_gmt":"2021-02-15T21:56:10","guid":{"rendered":"http:\/\/localhost:5000\/?page_id=9217"},"modified":"2021-02-22T14:57:54","modified_gmt":"2021-02-22T13:57:54","slug":"impressum","status":"publish","type":"page","link":"https:\/\/shopmarkete.com\/de\/impressum\/","title":{"rendered":"Impressum"},"content":{"rendered":"<section class=\"wpb-content-wrapper\"><p>[vc_row kd_background_image_position=&#8221;vc_row-bg-position-top&#8221;][vc_column width=&#8221;1\/2&#8243;][vc_column_text]<\/p>\n<h4>Angaben gem\u00e4\u00df \u00a7 5 TMG<\/h4>\n<p>K\u00e4smayr GmbH<br \/>\nWiesenstra\u00dfe 4<br \/>\n69190 Walldorf<\/p>\n<p>Handelsregister: HRB 732655<br \/>\nRegistergericht: Amtsgericht Mannheim<\/p>\n<p>Vertreten durch: Johannes M. M\u00fcller[\/vc_column_text][\/vc_column][vc_column width=&#8221;1\/2&#8243;][vc_column_text]<\/p>\n<h5>Kontakt<\/h5>\n<p>E-Mail: <span class=\"human\">moc.etekrampohs@ecivres<\/span><br \/>\nTelefon: 06227 899 33 20<\/p>\n<h5>Umsatzsteuer-ID<\/h5>\n<p>Umsatzsteuer-Identifikationsnummer gem\u00e4\u00df \u00a7 27 a Umsatzsteuergesetz:<br \/>\nDE322088082<\/p>\n<h5>Redaktionell Verantwortlicher<\/h5>\n<p>Johannes M. M\u00fcller, Wiesenstra\u00dfe 4, 69190 Walldorf[\/vc_column_text][\/vc_column][\/vc_row][vc_row kd_background_image_position=&#8221;vc_row-bg-position-top&#8221; css=&#8221;.vc_custom_1613491273039{margin-bottom: 3em !important;}&#8221; css_tablet_landscape=&#8221;.vc_custom_1613491273039{margin-bottom: 3em !important;}&#8221; css_tablet_portrait=&#8221;.vc_custom_1613491273040{margin-bottom: 2em !important;}&#8221;][vc_column width=&#8221;1\/2&#8243;][vc_column_text]<\/p>\n<h5>EU-Streitschlichtung<\/h5>\n<p>Die Europ\u00e4ische Kommission stellt eine Plattform zur Online-Streitbeilegung (OS) bereit: <a href=\"https:\/\/ec.europa.eu\/consumers\/odr\" target=\"_blank\" rel=\"noopener noreferrer\">https:\/\/ec.europa.eu\/consumers\/odr<\/a>.<br \/>\nUnsere E-Mail-Adresse finden Sie oben im Impressum.[\/vc_column_text][\/vc_column][vc_column width=&#8221;1\/2&#8243;][vc_column_text]<\/p>\n<h5>Verbraucher\u00adstreit\u00adbeilegung\/Universal\u00adschlichtungs\u00adstelle<\/h5>\n<p>Wir nehmen an einem Streitbeilegungsverfahren vor einer Verbraucherschlichtungsstelle teil. Zust\u00e4ndig ist die Universalschlichtungsstelle des Zentrums f\u00fcr Schlichtung e.V., Stra\u00dfburger Stra\u00dfe 8, 77694 Kehl am Rhein (<a href=\"https:\/\/www.verbraucher-schlichter.de\" target=\"_blank\" rel=\"noopener noreferrer\">https:\/\/www.verbraucher-schlichter.de<\/a>).[\/vc_column_text][\/vc_column][\/vc_row][vc_row full_width=&#8221;stretch_row&#8221; equal_height=&#8221;yes&#8221; kd_background_image_position=&#8221;vc_row-bg-position-top&#8221; kd_top_separator_style=&#8221;static-waves&#8221; kd_top_separator_height=&#8221;separator-height-small&#8221; kd_top_separator=&#8221;true&#8221; css=&#8221;.vc_custom_1613491429452{padding-top: 5em !important;padding-bottom: 3em !important;background-color: #eeeeee !important;}&#8221; css_tablet_landscape=&#8221;.vc_custom_1613491429452{padding-top: 4em !important;padding-bottom: 3em !important;background-color: #eeeeee !important;}&#8221; css_tablet_portrait=&#8221;.vc_custom_1613491429453{padding-top: 3em !important;padding-bottom: 3em !important;background-color: #eeeeee !important;}&#8221;][vc_column offset=&#8221;vc_col-md-4&#8243;][vc_column_text]<\/p>\n<h4>Haftung f\u00fcr Inhalte<\/h4>\n<p>Als Diensteanbieter sind wir gem\u00e4\u00df \u00a7 7 Abs.1 TMG f\u00fcr eigene Inhalte auf diesen Seiten nach den allgemeinen Gesetzen verantwortlich. Nach \u00a7\u00a7 8 bis 10 TMG sind wir als Diensteanbieter jedoch nicht verpflichtet, \u00fcbermittelte oder gespeicherte fremde Informationen zu \u00fcberwachen oder nach Umst\u00e4nden zu forschen, die auf eine rechtswidrige T\u00e4tigkeit hinweisen.<\/p>\n<p>Verpflichtungen zur Entfernung oder Sperrung der Nutzung von Informationen nach den allgemeinen Gesetzen bleiben hiervon unber\u00fchrt. Eine diesbez\u00fcgliche Haftung ist jedoch erst ab dem Zeitpunkt der Kenntnis einer konkreten Rechtsverletzung m\u00f6glich. Bei Bekanntwerden von entsprechenden Rechtsverletzungen werden wir diese Inhalte umgehend entfernen.[\/vc_column_text][\/vc_column][vc_column offset=&#8221;vc_col-md-4&#8243;][vc_column_text]<\/p>\n<h4>Haftung f\u00fcr Links<\/h4>\n<p>Unser Angebot enth\u00e4lt Links zu externen Websites Dritter, auf deren Inhalte wir keinen Einfluss haben. Deshalb k\u00f6nnen wir f\u00fcr diese fremden Inhalte auch keine Gew\u00e4hr \u00fcbernehmen. F\u00fcr die Inhalte der verlinkten Seiten ist stets der jeweilige Anbieter oder Betreiber der Seiten verantwortlich. Die verlinkten Seiten wurden zum Zeitpunkt der Verlinkung auf m\u00f6gliche Rechtsverst\u00f6\u00dfe \u00fcberpr\u00fcft. Rechtswidrige Inhalte waren zum Zeitpunkt der Verlinkung nicht erkennbar.<\/p>\n<p>Eine permanente inhaltliche Kontrolle der verlinkten Seiten ist jedoch ohne konkrete Anhaltspunkte einer Rechtsverletzung nicht zumutbar. Bei Bekanntwerden von Rechtsverletzungen werden wir derartige Links umgehend entfernen.[\/vc_column_text][\/vc_column][vc_column offset=&#8221;vc_col-md-4&#8243;][vc_column_text]<\/p>\n<h4>Urheberrecht<\/h4>\n<p>Die durch die Seitenbetreiber erstellten Inhalte und Werke auf diesen Seiten unterliegen dem deutschen Urheberrecht. Die Vervielf\u00e4ltigung, Bearbeitung, Verbreitung und jede Art der Verwertung au\u00dferhalb der Grenzen des Urheberrechtes bed\u00fcrfen der schriftlichen Zustimmung des jeweiligen Autors bzw. Erstellers. Downloads und Kopien dieser Seite sind nur f\u00fcr den privaten, nicht kommerziellen Gebrauch gestattet.<\/p>\n<p>Soweit die Inhalte auf dieser Seite nicht vom Betreiber erstellt wurden, werden die Urheberrechte Dritter beachtet. Insbesondere werden Inhalte Dritter als solche gekennzeichnet. Sollten Sie trotzdem auf eine Urheberrechtsverletzung aufmerksam werden, bitten wir um einen entsprechenden Hinweis. Bei Bekanntwerden von Rechtsverletzungen werden wir derartige Inhalte umgehend entfernen.[\/vc_column_text][\/vc_column][\/vc_row]<\/p>\n<\/section>","protected":false},"excerpt":{"rendered":"<p>[vc_row kd_background_image_position=&#8221;vc_row-bg-position-top&#8221;][vc_column width=&#8221;1\/2&#8243;][vc_column_text] Angaben gem\u00e4\u00df \u00a7 5 TMG K\u00e4smayr GmbH Wiesenstra\u00dfe 4 69190 Walldorf Handelsregister: HRB 732655 Registergericht: Amtsgericht Mannheim [&hellip;]<\/p>\n","protected":false},"author":2,"featured_media":0,"parent":0,"menu_order":0,"comment_status":"closed","ping_status":"closed","template":"","meta":{"inline_featured_image":false,"footnotes":""},"class_list":["post-9217","page","type-page","status-publish","hentry"],"_links":{"self":[{"href":"https:\/\/shopmarkete.com\/de\/wp-json\/wp\/v2\/pages\/9217","targetHints":{"allow":["GET"]}}],"collection":[{"href":"https:\/\/shopmarkete.com\/de\/wp-json\/wp\/v2\/pages"}],"about":[{"href":"https:\/\/shopmarkete.com\/de\/wp-json\/wp\/v2\/types\/page"}],"author":[{"embeddable":true,"href":"https:\/\/shopmarkete.com\/de\/wp-json\/wp\/v2\/users\/2"}],"replies":[{"embeddable":true,"href":"https:\/\/shopmarkete.com\/de\/wp-json\/wp\/v2\/comments?post=9217"}],"version-history":[{"count":15,"href":"https:\/\/shopmarkete.com\/de\/wp-json\/wp\/v2\/pages\/9217\/revisions"}],"predecessor-version":[{"id":9478,"href":"https:\/\/shopmarkete.com\/de\/wp-json\/wp\/v2\/pages\/9217\/revisions\/9478"}],"wp:attachment":[{"href":"https:\/\/shopmarkete.com\/de\/wp-json\/wp\/v2\/media?parent=9217"}],"curies":[{"name":"wp","href":"https:\/\/api.w.org\/{rel}","templated":true}]}}