{"id":9253,"date":"2021-02-16T15:50:24","date_gmt":"2021-02-16T14:50:24","guid":{"rendered":"http:\/\/localhost:5000\/?page_id=9253"},"modified":"2021-02-23T13:08:22","modified_gmt":"2021-02-23T12:08:22","slug":"allgemeine-geschaeftsbedingungen","status":"publish","type":"page","link":"https:\/\/shopmarkete.com\/de\/allgemeine-geschaeftsbedingungen\/","title":{"rendered":"Allgemeine Gesch\u00e4ftsbedingungen"},"content":{"rendered":"<section class=\"wpb-content-wrapper\"><p>[vc_row kd_background_image_position=&#8221;vc_row-bg-position-top&#8221;][vc_column][vc_column_text]<\/p>\n<h3>1. Geltungsbereich<\/h3>\n<p>Diese AGB gelten f\u00fcr alle Vertr\u00e4ge, die \u00fcber die Online-Marktpl\u00e4tze ebay.de, amazon.de, otto.de, manomano.de, real.de, check24.de, idealo.de oder facebook.com zwischen markete (K\u00e4smayr GmbH, Wiesenstra\u00dfe 4, 69190 Walldorf, E-Mail: service@shopmarkete.com, Telefon: 06227 899 33 20) als Anbieter und einem Verbraucher oder einem Unternehmer als Kunden geschlossen werden.<\/p>\n<p>Verbraucher im Sinne dieser AGB ist entsprechend \u00a7 13 BGB jede nat\u00fcrliche Person, die ein Rechtsgesch\u00e4ft zu Zwecken abschlie\u00dft, die \u00fcberwiegend weder ihrer gewerblichen noch ihrer selbst\u00e4ndigen beruflichen T\u00e4tigkeit zugerechnet werden k\u00f6nnen.<\/p>\n<p>Kunden, die Verbraucher sind, m\u00fcssen das 18te Lebensjahr vollendet haben und gesch\u00e4ftsf\u00e4hig sein.<\/p>\n<p>Unternehmer im Sinne dieser AGB ist entsprechend \u00a7 14 BGB eine nat\u00fcrliche oder juristische Person oder eine rechtsf\u00e4hige Personengesellschaft, die bei Abschluss eines Rechtsgesch\u00e4fts in Aus\u00fcbung ihrer gewerblichen oder selbst\u00e4ndigen beruflichen T\u00e4tigkeit handelt.<\/p>\n<p>Es gelten die jeweils aktuellen AGB, die der Kunde durch Setzen des Hakens im Bestellvorgang akzeptiert. Der Einbeziehung von AGB eines Kunden, die diesen AGB widersprechen, wird bereits jetzt widersprochen.<\/p>\n<h3>2. Zustandekommen des Vertrages<\/h3>\n<p>Die Pr\u00e4sentation der Waren im Onlineshop stellt kein Verkaufsangebot dar, sondern der Kunde gibt im Rahmen des Bestellvorgangs ein Angebot \u00fcber den Kauf der im Onlineshop pr\u00e4sentierten Waren ab.\u00a0Der verbindliche Vertragsschluss findet erst statt, wenn dieses Angebot des Kunden von uns angenommen wird.<\/p>\n<p>Im Rahmen des Bestellvorgangs sucht der Kunde von den im Online-Shop pr\u00e4sentierten Waren die gew\u00fcnschten aus und legt diese in einen virtuellen Warenkorb. Wenn der Kunde seine Auswahl abgeschlossen hat, w\u00e4hlt er \u201eBestellen\u201c. Der Kunde wird dann aufgefordert, seine Kontaktdaten (Name, Vorname, Rechnungsadresse, Lieferadresse, e-mail-Adresse, Telefonnummer) anzugeben und eine Bezahlm\u00f6glichkeit auszuw\u00e4hlen.<\/p>\n<p>Durch bet\u00e4tigen des Buttons \u201eJetzt zahlungspflichtig Bestellen\u201c unterbreitet der Kunde ein verbindliches Kaufangebot \u00fcber die im virtuellen Warenkorb aufgef\u00fchrten Waren. Der Anbieter ist berechtigt, das Vertragsangebot des Kunden innerhalb von f\u00fcnf Werktagen nach dessen Eingang anzunehmen. Die Annahme kann entweder durch ausdr\u00fcckliche Mitteilung oder mit Auslieferung der Ware erkl\u00e4rt werden.<\/p>\n<p>Wenn die Ware nicht lieferbar ist, bekommt der Kunde eine Mitteilung, dass seine Bestellung nicht ausgef\u00fchrt werden kann.<\/p>\n<h3>3. Widerrufsbelehrung &amp; Widerrufsformular<\/h3>\n<p>Verbrauchern steht ein Widerrufsrecht gem\u00e4\u00df den gesetzlichen Vorschriften (\u00a7\u00a7 312g, 355 ff BGB) zu:<\/p>\n<h4>3.1 Widerrufsrecht von Waren<\/h4>\n<h5>Widerrufsbelehrung<\/h5>\n<p><strong>Widerrufsrecht<\/strong><\/p>\n<p>Sie haben das Recht, binnen vierzehn Tagen ohne Angabe von Gr\u00fcnden den Kaufvertrag zu widerrufen. Die Widerrufsfrist betr\u00e4gt vierzehn Tage ab dem Tag, an dem Sie oder ein von Ihnen benannter Dritter, der nicht der Bef\u00f6rderer ist, die letzte Ware erhalten haben bzw. hat.<\/p>\n<p>Um Ihr Widerrufsrecht auszu\u00fcben, m\u00fcssen Sie uns (K\u00e4smayr GmbH, Wiesenstra\u00dfe 4, 69190 Walldorf, E-Mail service@shopmarkete.com) mittels einer eindeutigen Erkl\u00e4rung (z. B. ein mit der Post versandter Brief, Telefax oder E-Mail) \u00fcber Ihren Entschluss, diesen Vertrag zu widerrufen, informieren. Sie k\u00f6nnen daf\u00fcr unser Muster-Widerrufsformular verwenden, das jedoch nicht vorgeschrieben ist. Zur Wahrung der Widerrufsfrist reicht es aus, dass Sie die Mitteilung \u00fcber die Aus\u00fcbung des Widerrufsrechts vor Ablauf der Widerrufsfrist absenden.<\/p>\n<p>Das Widerrufsrecht besteht nicht bei Lieferung von Waren, die nicht vorgefertigt sind und f\u00fcr deren Herstellung eine individuelle Auswahl oder Bestimmung durch den Verbraucher ma\u00dfgeblich ist oder die eindeutig auf die pers\u00f6nlichen Bed\u00fcrfnisse des Verbrauchers zugeschnitten sind; zur Lieferung von Waren, die schnell verderben k\u00f6nnen oder deren Verfallsdatum schnell \u00fcberschritten wird.<\/p>\n<p>Das Widerrufsrecht erlischt vorzeitig bei Lieferung versiegelter Waren, die aus Gr\u00fcnden des Gesundheitsschutzes oder der Hygiene nicht zur R\u00fcckgabe geeignet sind, wenn ihre Versiegelung nach der Lieferung entfernt wurde; zur Lieferung von Waren, wenn diese nach der Lieferung auf Grund ihrer Beschaffenheit untrennbar mit anderen G\u00fctern vermischt wurden.<\/p>\n<p><strong>Folgen des Widerrufs<\/strong><\/p>\n<p>Wenn Sie den Kaufvertrag widerrufen, haben wir Ihnen alle Zahlungen, die wir von Ihnen erhalten haben, einschlie\u00dflich der Lieferkosten (mit Ausnahme der zus\u00e4tzlichen Kosten, die sich daraus ergeben, dass Sie eine andere Art der Lieferung als die von uns angebotene, g\u00fcnstigste Standardlieferung gew\u00e4hlt haben), unverz\u00fcglich und sp\u00e4testens binnen vierzehn Tagen ab dem Tag zur\u00fcckzuzahlen, an dem die Mitteilung \u00fcber Ihren Widerruf dieses Vertrags bei uns eingegangen ist.<\/p>\n<p>F\u00fcr diese R\u00fcckzahlung verwenden wir dasselbe Zahlungsmittel, das Sie bei der urspr\u00fcnglichen Transaktion eingesetzt haben, es sei denn, mit Ihnen wurde ausdr\u00fccklich etwas anderes vereinbart; in keinem Fall werden Ihnen wegen dieser R\u00fcckzahlung Entgelte berechnet. Wir k\u00f6nnen die R\u00fcckzahlung verweigern, bis wir die Waren wieder zur\u00fcckerhalten haben oder bis Sie den Nachweis erbracht haben, dass Sie die Waren zur\u00fcckgesandt haben, je nachdem, welches der fr\u00fchere Zeitpunkt ist.<\/p>\n<p>Sie haben die Waren unverz\u00fcglich und in jedem Fall sp\u00e4testens binnen vierzehn Tagen ab dem Tag, an dem Sie uns \u00fcber den Widerruf dieses Vertrags unterrichten, an uns zur\u00fcckzusenden oder zu \u00fcbergeben. Die Frist ist gewahrt, wenn Sie die Waren vor Ablauf der Frist von vierzehn Tagen absenden. Bei Speditionsware bitten wir, uns die R\u00fccksendung vorher per E-Mail an service@shopmarkete.com anzuk\u00fcndigen.<\/p>\n<p>Sie tragen die unmittelbaren Kosten der R\u00fccksendung der Waren. Die unmittelbaren Kosten der R\u00fccksendung werden hinsichtlich solcher Waren, die aufgrund ihrer Beschaffenheit nicht normal mit der Post an uns zur\u00fcckgesandt werden k\u00f6nnen (Speditionsware), f\u00fcr jede derartige Ware auf h\u00f6chstens etwa 100,00 Euro gesch\u00e4tzt.<\/p>\n<p>Sie m\u00fcssen f\u00fcr einen etwaigen Wertverlust der Waren nur aufkommen, wenn dieser Wertverlust auf einen zur Pr\u00fcfung der Beschaffenheit, Eigenschaften und Funktionsweise der Waren nicht notwendigen Umgang mit Ihnen zur\u00fcckzuf\u00fchren ist.<\/p>\n<p><strong>Ende der Widerrufsbelehrung<\/strong><\/p>\n<p>Bei Aus\u00fcbung des Widerrufsrechts bitten wir darum, folgendes zu beachten:<\/p>\n<p>Bitte vermeiden Sie Besch\u00e4digungen und Verunreinigungen der Ware. Senden Sie die Ware bitte in Originalverpackung mit s\u00e4mtlichem Zubeh\u00f6r und mit allen Verpackungsbestandteilen an uns zur\u00fcck. Verwenden Sie ggf. eine sch\u00fctzende Umverpackung. Wenn Sie die Originalverpackung nicht mehr besitzen, sorgen Sie bitte mit einer geeigneten Verpackung f\u00fcr einen ausreichenden Schutz vor Transportsch\u00e4den.<\/p>\n<p>Senden Sie die Ware bitte nicht unfrei an uns zur\u00fcck.<\/p>\n<h4>3.2 Widerrufsrecht f\u00fcr Dienstleistungen<\/h4>\n<h5>Widerrufsbelehrung<\/h5>\n<p><strong>Widerrufsrecht<\/strong><\/p>\n<p>Sie haben das Recht, binnen vierzehn Tagen ohne Angabe von Gr\u00fcnden den Kaufvertrag zu widerrufen.<\/p>\n<p>Die Widerrufsfrist betr\u00e4gt vierzehn Tage ab dem Tag des Vertragsabschlusses.<\/p>\n<p>Um Ihr Widerrufsrecht auszu\u00fcben, m\u00fcssen Sie uns (markete, K\u00e4smayr GmbH, Wiesenstra\u00dfe 4, 69190 Walldorf, Deutschland) mittels einer eindeutigen Erkl\u00e4rung (z.B. per Post versandter Brief oder E-Mail: service@shopmarkete.com) \u00fcber Ihren Entschluss, diesen Vertrag zu widerrufen, informieren. Sie k\u00f6nnen daf\u00fcr das Muster Widerrufsformular verwenden, das jedoch nicht vorgeschrieben ist. Zur Wahrung der Widerrufsfrist reicht es aus, dass Sie die Mitteilung \u00fcber die Aus\u00fcbung des Widerrufsrechts vor Ablauf der Widerrufsfrist absenden.<\/p>\n<p><strong>Folgen des Widerrufs<\/strong><\/p>\n<p>Wenn Sie diesen Vertrag widerrufen, haben wir Ihnen alle Zahlungen, die wir von Ihnen erhalten haben, unverz\u00fcglich und sp\u00e4testens binnen vierzehn Tagen ab dem Tag zur\u00fcckzuzahlen, an dem die Mitteilung \u00fcber Ihren Widerruf dieses Vertrags bei uns eingegangen ist.<\/p>\n<p>F\u00fcr diese R\u00fcckzahlung verwenden wir dasselbe Zahlungsmittel, das Sie bei der urspr\u00fcnglichen Transaktion eingesetzt haben, es sei denn, mit Ihnen wurde ausdr\u00fccklich etwas anderes vereinbart; in keinem Fall werden Ihnen wegen dieser R\u00fcckzahlung Entgelte berechnet.<\/p>\n<p>Haben Sie verlangt, dass die Dienstleistungen w\u00e4hrend der Widerrufsfrist beginnen sollen, so haben Sie uns einen angemessenen Betrag zu zahlen, der dem Anteil der bis zu dem Zeitpunkt, zu dem Sie uns von der Aus\u00fcbung des Widerrufsrechts hinsichtlich dieses Vertrags unterrichten, bereits erbrachten Dienstleistungen im Vergleich zum Gesamtumfang der im Vertrag vorgesehenen Dienstleistungen entspricht.<\/p>\n<p><strong>Ende der Widerrufsbelehrung<\/strong><\/p>\n<h3>4. Preise und Zahlungsbedingungen<\/h3>\n<p>Bei den im Onlineshop angegebenen Preisen handelt es sich um Gesamtpreise, in denen die gesetzliche Umsatzsteuer enthalten ist.<\/p>\n<p>In unserem Shop stehen Ihnen grunds\u00e4tzlich die folgenden Zahlungsarten zur Verf\u00fcgung.<\/p>\n<h4>4.1 Kreditkarte<\/h4>\n<p>Die Abwicklung der Zahlungsart Kreditkartenzahlung erfolgt in Zusammenarbeit mit der Stripe Payments Europe, Ltd., c\/o A&amp;l Goodbody, Ifsc, North Wall Quay, Dublin 1, Ireland (im Folgenden: \u201eStripe\u201c), unter Geltung der Stripe-Nutzungsbedingungen, einsehbar unter https:\/\/stripe.com\/de\/legal, an die der Verk\u00e4ufer seine Zahlungsforderung abtritt. Stripe zieht den Rechnungsbetrag vom angegebenen Kreditkartenkonto des Kunden ein. Im Falle der Abtretung kann nur an Stripe mit schuldbefreiender Wirkung geleistet werden. Im Fall einer Zahlung per Kreditkarte wird Ihre Karte unmittelbar nach dem Zahlungsvorgang belastet.<\/p>\n<h4>4.2 PayPal<\/h4>\n<p>Um mit \u201ePayPal\u201c bezahlen zu k\u00f6nnen, m\u00fcssen Sie sich zun\u00e4chst bei \u201ePayPal\u201c registrieren. Hierf\u00fcr ben\u00f6tigen Sie eine E-Mailadresse und ein Bankkonto. Wenn Sie f\u00fcr die Bezahlung der ausgesuchten Waren die Zahlungsart \u201ePayPal\u201c ausw\u00e4hlen, erfolgt die Zahlungsabwicklung \u00fcber den Zahlungsdienstleister PayPal (Europe) S.\u00e0 r.l. et Cie, S.C.A., 22-24 Boulevard Royal, L-2449 Luxembourg (im Folgenden: \u201ePayPal\u201c), unter Geltung der PayPal-Nutzungsbedingungen, einsehbar unter https:\/\/www.paypal.com\/de\/webapps\/mpp\/ua\/useragreement-full<\/p>\n<h4>4.3 giropay<\/h4>\n<p>Bei Auswahl der Zahlungsart \u201egiropay\u201c erfolgt die Zahlungsabwicklung \u00fcber den Zahlungsdienstleister giropay GmbH, An der Welle 4, 60322 Frankfurt\/Main, Deutschland (im Folgenden: \u201egiropay\u201c). Um den Rechnungsbetrag \u00fcber giropay bezahlen zu k\u00f6nnen, muss der Kunde \u00fcber ein f\u00fcr die Teilnahme an giropay freigeschaltetes Online-Banking-Konto mit PIN\/TAN-Verfahren verf\u00fcgen, sich beim Zahlungsvorgang entsprechend legitimieren und die Zahlungsanweisung gegen\u00fcber giropay best\u00e4tigen. Die Zahlungstransaktion wird unmittelbar danach von giropay durchgef\u00fchrt und das Bankkonto des Kunden belastet. N\u00e4here Informationen zur Zahlungsart giropay kann der Kunde im Internet unter https:\/\/www.giropay.de abrufen.<\/p>\n<h4>4.4 Vorauskasse<\/h4>\n<p>Ist Vorauskasse per Bank\u00fcberweisung vereinbart, ist die Zahlung sofort nach der Bestellung f\u00e4llig. Hierf\u00fcr teilen wir Ihnen per E-Mail den Verwendungszweck, den Betrag und die Bankverbindung f\u00fcr die \u00dcberweisung mit. Bei Zahlung per Vorkasse beginnt die angegebene Lieferzeit, sobald die Zahlung bei uns eingegangen ist. Eine Bank\u00fcberweisung kann ab Zahlungsauftrag bis zum Zahlungseingang 1-3 Werktage dauern.<\/p>\n<h4>4.5 Klarna<\/h4>\n<p>Bei Auswahl einer Zahlungsart von \u201eKlarna\u201c (Sofort \u00dcberweisung \/ Lastschrift &#8211; Pay now, Rechnung \u2013 Pay later), treten wir nach der erfolgreichen Adress- und Bonit\u00e4tspr\u00fcfung durch Klarna unsere Forderung an die Klarna Bank AB, Unternehmensregister: 556737-0431, Sveav\u00e4gen 46, 111 34 Stockholm, Schweden (im Folgenden: \u201eKlarna\u201c) ab. Sie k\u00f6nnen in diesem Fall nur an Klarna mit schuldbefreiender Wirkung leisten. F\u00fcr die Zahlungsabwicklung \u00fcber Klarna gelten \u2013 erg\u00e4nzend zu unseren AGB \u2013 die AGB und die Datenschutzerkl\u00e4rung von Klarna: https:\/\/www.klarna.com\/de\/datenschutz\/ Weitere Informationen und die vollst\u00e4ndigen AGB von Klarna zum Rechnungskauf finden Sie hier: https:\/\/www.klarna.com\/de\/agb\/, https:\/\/www.klarna.com\/de\/kundenservice\/csc\/zahlungen-rechnungen\/rechnung\/.<\/p>\n<h4>4.6 Aufrechnung und Zur\u00fcckbehaltungsrecht f\u00fcr Unternehmer<\/h4>\n<p>Dem Kunden, der Unternehmer ist, steht ein Recht zur Aufrechnung nur zu, wenn seine Gegenanspr\u00fcche rechtskr\u00e4ftig festgestellt oder vom Anbieter unbestritten oder anerkannt sind. Ein Zur\u00fcckbehaltungsrecht hat der Kunde, der Unternehmer ist, nur, wenn und soweit sein Gegenanspruch auf dem gleichen Vertragsverh\u00e4ltnis beruht.<\/p>\n<h3>5. Eigentumsvorbehalt<\/h3>\n<p>Ist der Kunde Verbraucher, beh\u00e4lt sich der Anbieter bis zu der vollst\u00e4ndigen Bezahlung des Kaufpreises das Eigentum an der gelieferten Ware vor.<\/p>\n<p>Ist der Kunde Unternehmer, beh\u00e4lt sich der Anbieter das Eigentum an der gelieferten Ware vor, bis alle Forderungen aus der laufenden Gesch\u00e4ftsbeziehung vollst\u00e4ndig beglichen sind.<\/p>\n<h3>6. Auslieferung \/ Eigentums\u00fcbergang \/ Gefahr\u00fcbergang<\/h3>\n<p>Die Auslieferung der gekauften Ware erfolgt bei kleinteiligem Material per Paketdienst, bei gro\u00dfteiligem Material per Spedition. Die AGB des Dienstleisters finden auch im Verh\u00e4ltnis zum Kunden unmittelbare Anwendung. Die Wahl der Versandart und des Dienstleisters bleibt uns als Anbieter \u00fcberlassen. In der Regel versendet der Anbieter mit DHL, UPS, DPD, DHL Freight, DACHSER oder MTG. Eine Abholung der gekauften Ware ist aus organisatorischen Gr\u00fcnden nicht m\u00f6glich. Zuz\u00fcglich zu den Produktpreisen k\u00f6nnen noch Versandkosten anfallen. Die jeweiligen Versandkosten werden beim Bestellvorgang angegeben.<\/p>\n<p>Ist der Kunde Verbraucher, erfolgt die Lieferung der bestellten Ware an die vom Kunden angegebene Lieferadresse. In diesem Fall erfolgt der Gefahr\u00fcbergang entsprechend der gesetzlichen Regelung mit der \u00dcbergabe an den Kunden oder eine empfangsberechtigte Person, die der Kunde im Rahmen des Bestellvorgangs hierf\u00fcr benannt hat.<\/p>\n<p>Ist der Kunde Verbraucher und die Ware bei Erhalt besch\u00e4digt, obliegt es ihm im eigenen Interesse, dies unmittelbar mitzuteilen und etwaige Gew\u00e4hrleistungsrechte rechtzeitig geltend zu machen. Offensichtliche Transportsch\u00e4den sind unmittelbar gegen\u00fcber dem Zusteller anzuzeigen.<\/p>\n<p>Ist der Kunde Unternehmer, erfolgt der Gefahr\u00fcbergang mit der \u00dcbergabe der bestellten Ware an den Frachtf\u00fchrer oder Spediteur.<\/p>\n<p>Die Lieferung von Speditionsware erfolgt \u201efrei Bordsteinkante\u201c, also bis zu der Lieferadresse n\u00e4chstgelegenen \u00f6ffentlichen Bordsteinkante.<\/p>\n<p>Ist der Kunde Kaufmann im Sinne des Handelsgesetzbuches, hat er die Ware gem. \u00a7 377 HGB unmittelbar nach Erhalt zu pr\u00fcfen und etwaige M\u00e4ngel unverz\u00fcglich zu r\u00fcgen. Anderenfalls gilt die Ware als genehmigt.<\/p>\n<p>Kann die Ware aus Gr\u00fcnden, die der Kunde zu vertreten hat, z.B. wegen Verweigerung der Annahme, nicht zugestellt werden, so muss der Kunde die hierdurch entstandenen Versandkosten erstatten.<\/p>\n<p>Hat der Anbieter hinsichtlich des ganzen Auftrags oder eines Teils davon ein dauerhaftes Lieferhindernis nicht zu vertreten, insbesondere in F\u00e4llen h\u00f6herer Gewalt oder er durch den eigenen Lieferanten nicht beliefert wird, obwohl er rechtzeitig ein entsprechendes Deckungsgesch\u00e4ft get\u00e4tigt hat, so hat der Anbieter das Recht, insoweit von einem Vertrag mit dem Kunden zur\u00fcckzutreten. Der Kunde wird hier\u00fcber unverz\u00fcglich informiert und von ihm empfangene Leistungen, insbesondere Zahlungen, werden zur\u00fcckerstattet.<\/p>\n<h3>7. Gew\u00e4hrleistung<\/h3>\n<p>Ist der Kunde Verbraucher, hat er bei M\u00e4ngeln der Kaufsache die gesetzlichen Gew\u00e4hrleistungsrechte gem. \u00a7 438 BGB. Bei gebrauchten Waren wird die Gew\u00e4hrleistungsfrist auf 1 Jahr ab \u00dcbergabe beschr\u00e4nkt.<\/p>\n<p>Ist der Kunde Unternehmer, betr\u00e4gt die Gew\u00e4hrleistungsfrist bei neuen Waren 1 Jahr ab Gefahr\u00fcbergang. Die Wahl der Art der Nacherf\u00fcllung steht dem Anbieter zu. Bei gebrauchten Waren sind die M\u00e4ngelanspr\u00fcche grunds\u00e4tzlich ausgeschlossen. Soweit einzelne Hersteller eine Garantie anbieten, werden die genauen Bedingungen beim Produkt und auf besonderen Informationsseiten im Onlineshop angegeben.<\/p>\n<h3>8. Sonstige Haftung<\/h3>\n<p>Der Anbieter haftet unbeschr\u00e4nkt f\u00fcr Vorsatz und grobe Fahrl\u00e4ssigkeit sowie nach Ma\u00dfgabe des Produkthaftungsgesetzes (\u00a7 4 Abs. 3 ProdHaftG).<\/p>\n<p>F\u00fcr leichte Fahrl\u00e4ssigkeit haftet der Anbieter unbeschr\u00e4nkt bei Sch\u00e4den aus der Verletzung des Lebens, des K\u00f6rpers und der Gesundheit von Personen.<\/p>\n<p>Bei der Verletzung einer wesentlichen Vertragspflicht, deren Erf\u00fcllung die ordnungsgem\u00e4\u00dfe Durchf\u00fchrung des Vertrags \u00fcberhaupt erst erm\u00f6glicht und auf deren Einhaltung der Kunde regelm\u00e4\u00dfig vertrauen darf (Kardinalpflicht), haften wir bei leichter Fahrl\u00e4ssigkeit nur in H\u00f6he der bei Vertragsschluss vorhersehbaren Sch\u00e4den, mit deren Entstehung typischerweise gerechnet werden muss. Diese Haftungsbeschr\u00e4nkung gilt auch zugunsten der Vertreter und Erf\u00fcllungsgehilfen des Anbieters.<\/p>\n<p>Im \u00dcbrigen sind Schadensersatzanspr\u00fcche des Kunden ausgeschlossen.<\/p>\n<h3>9. Datenschutz<\/h3>\n<p>Der Anbieter verwendet erhobene Daten insbesondere zur Abwicklung der Bestellung und entsprechend den Vorgaben des Bundesdatenschutzgesetzes bzw. der DSGVO. Wir geben keine pers\u00f6nlichen Daten an Dritte weiter, au\u00dfer soweit dies f\u00fcr die Erf\u00fcllung des Vertrages erforderlich ist (z.B. an den Bezahldienstleister oder das Transportunternehmen).<\/p>\n<p>Welche Daten im Einzelnen erhoben und wie diese verwendet werden, haben wir in den gesonderten Datenschutzhinweisen geregelt.<\/p>\n<h3>10. Anwendbares Recht \/ Gerichtsstand<\/h3>\n<p>Alle Vertr\u00e4ge, auf die diese AGB Anwendung finden, unterliegen ausschlie\u00dflich deutschem Recht. Die Geltung des UN-Kaufrechts (United Nations convention on contracts for the international sale of goods\/CISG) ist ausgeschlossen.<\/p>\n<p>Mit Kunden, die Unternehmer sind, wird Heidelberg als Gerichtsstand vereinbart. Dies gilt ebenso, wenn der Kunde keinen allgemeinen Gerichtsstand in der Bundesrepublik Deutschland oder der EU hat oder der Wohnsitz oder der gew\u00f6hnliche Aufenthalt nicht bekannt ist.<\/p>\n<h3>11. Alternative Streitbeilegung \/ Salvatorische Klausel<\/h3>\n<p>Wenn eine Streitigkeit \u00fcber einen Verbrauchervertrag durch den Anbieter und den Kunden, der Verbraucher ist, nicht beigelegt werden konnte, ist folgende Verbraucherschlichtungsstelle zust\u00e4ndig:<\/p>\n<p>Universalschlichtungsstelle des Zentrums f\u00fcr Schlichtung e.V., Stra\u00dfburger Stra\u00dfe 8, 77694 Kehl am Rhein https:\/\/www.verbraucher-schlichter.de<\/p>\n<p>Weitere Streitbeilegungsstellen finden Sie unter folgendem Link, unter dem die EU-Kommission eine Plattform zur Online-Streitbeilegung bereitstellt: https:\/\/webgate.ec.europa.eu\/odr\/. Der Anbieter nimmt an einem Streitbeilegungsverfahren vor einer Verbraucherschlichtungsstelle teil.<\/p>\n<p>Sollten eine oder mehrere Regelungen dieser AGB unwirksam sein oder werden, wird die Wirksamkeit der anderen Regelungen hierdurch nicht ber\u00fchrt.<\/p>\n<p style=\"color: #aeaeae; font-size: 11px;\">Walldorf, Februar 2021<br \/>\nVersion markete 1.0 (16.02.2021)<\/p>\n<p>[\/vc_column_text][\/vc_column][\/vc_row]<\/p>\n<\/section>","protected":false},"excerpt":{"rendered":"<p>[vc_row kd_background_image_position=&#8221;vc_row-bg-position-top&#8221;][vc_column][vc_column_text] 1. Geltungsbereich Diese AGB gelten f\u00fcr alle Vertr\u00e4ge, die \u00fcber die Online-Marktpl\u00e4tze ebay.de, amazon.de, otto.de, manomano.de, real.de, check24.de, [&hellip;]<\/p>\n","protected":false},"author":2,"featured_media":0,"parent":0,"menu_order":0,"comment_status":"closed","ping_status":"closed","template":"","meta":{"inline_featured_image":false,"footnotes":""},"class_list":["post-9253","page","type-page","status-publish","hentry"],"_links":{"self":[{"href":"https:\/\/shopmarkete.com\/de\/wp-json\/wp\/v2\/pages\/9253","targetHints":{"allow":["GET"]}}],"collection":[{"href":"https:\/\/shopmarkete.com\/de\/wp-json\/wp\/v2\/pages"}],"about":[{"href":"https:\/\/shopmarkete.com\/de\/wp-json\/wp\/v2\/types\/page"}],"author":[{"embeddable":true,"href":"https:\/\/shopmarkete.com\/de\/wp-json\/wp\/v2\/users\/2"}],"replies":[{"embeddable":true,"href":"https:\/\/shopmarkete.com\/de\/wp-json\/wp\/v2\/comments?post=9253"}],"version-history":[{"count":9,"href":"https:\/\/shopmarkete.com\/de\/wp-json\/wp\/v2\/pages\/9253\/revisions"}],"predecessor-version":[{"id":9482,"href":"https:\/\/shopmarkete.com\/de\/wp-json\/wp\/v2\/pages\/9253\/revisions\/9482"}],"wp:attachment":[{"href":"https:\/\/shopmarkete.com\/de\/wp-json\/wp\/v2\/media?parent=9253"}],"curies":[{"name":"wp","href":"https:\/\/api.w.org\/{rel}","templated":true}]}}