{"id":9401,"date":"2021-02-17T17:06:45","date_gmt":"2021-02-17T16:06:45","guid":{"rendered":"https:\/\/shopmarkete.com\/?page_id=9401"},"modified":"2021-02-17T17:10:33","modified_gmt":"2021-02-17T16:10:33","slug":"widerruf","status":"publish","type":"page","link":"https:\/\/shopmarkete.com\/de\/widerruf\/","title":{"rendered":"Widerruf"},"content":{"rendered":"<section class=\"wpb-content-wrapper\"><p>[vc_row kd_background_image_position=&#8221;vc_row-bg-position-top&#8221; css=&#8221;.vc_custom_1613578231707{margin-bottom: 5em !important;}&#8221; css_tablet_landscape=&#8221;.vc_custom_1613578231708{margin-bottom: 4em !important;}&#8221; css_tablet_portrait=&#8221;.vc_custom_1613578231708{margin-bottom: 3em !important;}&#8221; css_mobile=&#8221;.vc_custom_1613578231709{margin-bottom: 2em !important;}&#8221; top_section_title=&#8221;&#8221; bottom_section_title=&#8221;&#8221;][vc_column width=&#8221;1\/2&#8243;]<div class=\"key-icon-box icon-default icon-top cont-center ib-hover-1 with-shadow   with-border icon-no-background icon-no-border\" style=\"background-color: transparent;border: 1px solid #eeeeee;\" ><a href=\"https:\/\/shopmarkete.com\/wp-content\/uploads\/markete-ruecksendung-1-0.pdf\" target=\"_blank\"><div class=\"ib-wrapper\" ><div class=\"ib-simple-icon-wrapper\" style=\"margin-bottom:2em;\"><i class=\"iconsmind-Arrow-Refresh iconsmind-Arrows\" style=\"font-weight: 400;\"><\/i> <\/div><h5 class=\"service-heading\" >R\u00fccksendeformular<\/h5><p >Bitte senden Sie uns das ausgef\u00fcllte R\u00fccksendeformular, um die Sendung Ihrer R\u00fcckgabe anzuk\u00fcndigen.<\/p><\/div><\/a><\/div>[\/vc_column][vc_column width=&#8221;1\/2&#8243;]<div class=\"key-icon-box icon-default icon-top cont-center ib-hover-1 with-shadow   with-border icon-no-background icon-no-border\" style=\"background-color: transparent;border: 1px solid #eeeeee;\" ><a href=\"https:\/\/shopmarkete.com\/wp-content\/uploads\/markete-widerruf-1-0.pdf\" target=\"_blank\"><div class=\"ib-wrapper\" ><div class=\"ib-simple-icon-wrapper\" style=\"margin-bottom:2em;\"><i class=\"iconsmind-File-Refresh iconsmind-Files-Class\" style=\"font-weight: 400;\"><\/i> <\/div><h5 class=\"service-heading\" >Widerrufsformular<\/h5><p >Sie k\u00f6nnen f\u00fcr einen Widerruf unser Muster-Widerrufsformular verwenden, dessen Verwendung jedoch nicht vorgeschrieben ist.<\/p><\/div><\/a><\/div>[\/vc_column][\/vc_row][vc_row kd_background_image_position=&#8221;vc_row-bg-position-top&#8221;][vc_column][vc_column_text]<\/p>\n<h3>Widerrufsbelehrung<\/h3>\n<p>Verbrauchern steht ein Widerrufsrecht gem\u00e4\u00df den gesetzlichen Vorschriften (\u00a7\u00a7 312g, 355 ff BGB) zu:<\/p>\n<h4>Widerrufsrecht von Waren<\/h4>\n<h5>Widerrufsbelehrung<\/h5>\n<p><strong>Widerrufsrecht<\/strong><\/p>\n<p>Sie haben das Recht, binnen vierzehn Tagen ohne Angabe von Gr\u00fcnden den Kaufvertrag zu widerrufen. Die Widerrufsfrist betr\u00e4gt vierzehn Tage ab dem Tag, an dem Sie oder ein von Ihnen benannter Dritter, der nicht der Bef\u00f6rderer ist, die letzte Ware erhalten haben bzw. hat.<\/p>\n<p>Um Ihr Widerrufsrecht auszu\u00fcben, m\u00fcssen Sie uns (K\u00e4smayr GmbH, Wiesenstra\u00dfe 4, 69190 Walldorf, E-Mail service@shopmarkete.com) mittels einer eindeutigen Erkl\u00e4rung (z. B. ein mit der Post versandter Brief, Telefax oder E-Mail) \u00fcber Ihren Entschluss, diesen Vertrag zu widerrufen, informieren. Sie k\u00f6nnen daf\u00fcr unser Muster-Widerrufsformular verwenden, das jedoch nicht vorgeschrieben ist. Zur Wahrung der Widerrufsfrist reicht es aus, dass Sie die Mitteilung \u00fcber die Aus\u00fcbung des Widerrufsrechts vor Ablauf der Widerrufsfrist absenden.<\/p>\n<p>Das Widerrufsrecht besteht nicht bei Lieferung von Waren, die nicht vorgefertigt sind und f\u00fcr deren Herstellung eine individuelle Auswahl oder Bestimmung durch den Verbraucher ma\u00dfgeblich ist oder die eindeutig auf die pers\u00f6nlichen Bed\u00fcrfnisse des Verbrauchers zugeschnitten sind; zur Lieferung von Waren, die schnell verderben k\u00f6nnen oder deren Verfallsdatum schnell \u00fcberschritten wird.<\/p>\n<p>Das Widerrufsrecht erlischt vorzeitig bei Lieferung versiegelter Waren, die aus Gr\u00fcnden des Gesundheitsschutzes oder der Hygiene nicht zur R\u00fcckgabe geeignet sind, wenn ihre Versiegelung nach der Lieferung entfernt wurde; zur Lieferung von Waren, wenn diese nach der Lieferung auf Grund ihrer Beschaffenheit untrennbar mit anderen G\u00fctern vermischt wurden.<\/p>\n<p><strong>Folgen des Widerrufs<\/strong><\/p>\n<p>Wenn Sie den Kaufvertrag widerrufen, haben wir Ihnen alle Zahlungen, die wir von Ihnen erhalten haben, einschlie\u00dflich der Lieferkosten (mit Ausnahme der zus\u00e4tzlichen Kosten, die sich daraus ergeben, dass Sie eine andere Art der Lieferung als die von uns angebotene, g\u00fcnstigste Standardlieferung gew\u00e4hlt haben), unverz\u00fcglich und sp\u00e4testens binnen vierzehn Tagen ab dem Tag zur\u00fcckzuzahlen, an dem die Mitteilung \u00fcber Ihren Widerruf dieses Vertrags bei uns eingegangen ist.<\/p>\n<p>F\u00fcr diese R\u00fcckzahlung verwenden wir dasselbe Zahlungsmittel, das Sie bei der urspr\u00fcnglichen Transaktion eingesetzt haben, es sei denn, mit Ihnen wurde ausdr\u00fccklich etwas anderes vereinbart; in keinem Fall werden Ihnen wegen dieser R\u00fcckzahlung Entgelte berechnet. Wir k\u00f6nnen die R\u00fcckzahlung verweigern, bis wir die Waren wieder zur\u00fcckerhalten haben oder bis Sie den Nachweis erbracht haben, dass Sie die Waren zur\u00fcckgesandt haben, je nachdem, welches der fr\u00fchere Zeitpunkt ist.<\/p>\n<p>Sie haben die Waren unverz\u00fcglich und in jedem Fall sp\u00e4testens binnen vierzehn Tagen ab dem Tag, an dem Sie uns \u00fcber den Widerruf dieses Vertrags unterrichten, an uns zur\u00fcckzusenden oder zu \u00fcbergeben. Die Frist ist gewahrt, wenn Sie die Waren vor Ablauf der Frist von vierzehn Tagen absenden. Bei Speditionsware bitten wir, uns die R\u00fccksendung vorher per E-Mail an service@shopmarkete.com anzuk\u00fcndigen.<\/p>\n<p>Sie tragen die unmittelbaren Kosten der R\u00fccksendung der Waren. Die unmittelbaren Kosten der R\u00fccksendung werden hinsichtlich solcher Waren, die aufgrund ihrer Beschaffenheit nicht normal mit der Post an uns zur\u00fcckgesandt werden k\u00f6nnen (Speditionsware), f\u00fcr jede derartige Ware auf h\u00f6chstens etwa 100,00 Euro gesch\u00e4tzt.<\/p>\n<p>Sie m\u00fcssen f\u00fcr einen etwaigen Wertverlust der Waren nur aufkommen, wenn dieser Wertverlust auf einen zur Pr\u00fcfung der Beschaffenheit, Eigenschaften und Funktionsweise der Waren nicht notwendigen Umgang mit Ihnen zur\u00fcckzuf\u00fchren ist.<\/p>\n<p><strong>Ende der Widerrufsbelehrung<\/strong><\/p>\n<p>Bei Aus\u00fcbung des Widerrufsrechts bitten wir darum, folgendes zu beachten:<\/p>\n<p>Bitte vermeiden Sie Besch\u00e4digungen und Verunreinigungen der Ware. Senden Sie die Ware bitte in Originalverpackung mit s\u00e4mtlichem Zubeh\u00f6r und mit allen Verpackungsbestandteilen an uns zur\u00fcck. Verwenden Sie ggf. eine sch\u00fctzende Umverpackung. Wenn Sie die Originalverpackung nicht mehr besitzen, sorgen Sie bitte mit einer geeigneten Verpackung f\u00fcr einen ausreichenden Schutz vor Transportsch\u00e4den.<\/p>\n<p>Senden Sie die Ware bitte nicht unfrei an uns zur\u00fcck.<\/p>\n<h4>Widerrufsrecht f\u00fcr Dienstleistungen<\/h4>\n<h5>Widerrufsbelehrung<\/h5>\n<p><strong>Widerrufsrecht<\/strong><\/p>\n<p>Sie haben das Recht, binnen vierzehn Tagen ohne Angabe von Gr\u00fcnden den Kaufvertrag zu widerrufen.<\/p>\n<p>Die Widerrufsfrist betr\u00e4gt vierzehn Tage ab dem Tag des Vertragsabschlusses.<\/p>\n<p>Um Ihr Widerrufsrecht auszu\u00fcben, m\u00fcssen Sie uns (markete, K\u00e4smayr GmbH, Wiesenstra\u00dfe 4, 69190 Walldorf, Deutschland) mittels einer eindeutigen Erkl\u00e4rung (z.B. per Post versandter Brief oder E-Mail: service@shopmarkete.com) \u00fcber Ihren Entschluss, diesen Vertrag zu widerrufen, informieren. Sie k\u00f6nnen daf\u00fcr das Muster Widerrufsformular verwenden, das jedoch nicht vorgeschrieben ist. Zur Wahrung der Widerrufsfrist reicht es aus, dass Sie die Mitteilung \u00fcber die Aus\u00fcbung des Widerrufsrechts vor Ablauf der Widerrufsfrist absenden.<\/p>\n<p><strong>Folgen des Widerrufs<\/strong><\/p>\n<p>Wenn Sie diesen Vertrag widerrufen, haben wir Ihnen alle Zahlungen, die wir von Ihnen erhalten haben, unverz\u00fcglich und sp\u00e4testens binnen vierzehn Tagen ab dem Tag zur\u00fcckzuzahlen, an dem die Mitteilung \u00fcber Ihren Widerruf dieses Vertrags bei uns eingegangen ist.<\/p>\n<p>F\u00fcr diese R\u00fcckzahlung verwenden wir dasselbe Zahlungsmittel, das Sie bei der urspr\u00fcnglichen Transaktion eingesetzt haben, es sei denn, mit Ihnen wurde ausdr\u00fccklich etwas anderes vereinbart; in keinem Fall werden Ihnen wegen dieser R\u00fcckzahlung Entgelte berechnet.<\/p>\n<p>Haben Sie verlangt, dass die Dienstleistungen w\u00e4hrend der Widerrufsfrist beginnen sollen, so haben Sie uns einen angemessenen Betrag zu zahlen, der dem Anteil der bis zu dem Zeitpunkt, zu dem Sie uns von der Aus\u00fcbung des Widerrufsrechts hinsichtlich dieses Vertrags unterrichten, bereits erbrachten Dienstleistungen im Vergleich zum Gesamtumfang der im Vertrag vorgesehenen Dienstleistungen entspricht.<\/p>\n<p><strong>Ende der Widerrufsbelehrung<\/strong>[\/vc_column_text][\/vc_column][\/vc_row]<\/p>\n<\/section>","protected":false},"excerpt":{"rendered":"<p>[vc_row kd_background_image_position=&#8221;vc_row-bg-position-top&#8221; css=&#8221;.vc_custom_1613578231707{margin-bottom: 5em !important;}&#8221; css_tablet_landscape=&#8221;.vc_custom_1613578231708{margin-bottom: 4em !important;}&#8221; css_tablet_portrait=&#8221;.vc_custom_1613578231708{margin-bottom: 3em !important;}&#8221; css_mobile=&#8221;.vc_custom_1613578231709{margin-bottom: 2em !important;}&#8221; top_section_title=&#8221;&#8221; bottom_section_title=&#8221;&#8221;][vc_column width=&#8221;1\/2&#8243;][\/vc_column][vc_column width=&#8221;1\/2&#8243;][\/vc_column][\/vc_row][vc_row kd_background_image_position=&#8221;vc_row-bg-position-top&#8221;][vc_column][vc_column_text] Widerrufsbelehrung [&hellip;]<\/p>\n","protected":false},"author":2,"featured_media":0,"parent":0,"menu_order":0,"comment_status":"closed","ping_status":"closed","template":"","meta":{"inline_featured_image":false,"footnotes":""},"class_list":["post-9401","page","type-page","status-publish","hentry"],"_links":{"self":[{"href":"https:\/\/shopmarkete.com\/de\/wp-json\/wp\/v2\/pages\/9401","targetHints":{"allow":["GET"]}}],"collection":[{"href":"https:\/\/shopmarkete.com\/de\/wp-json\/wp\/v2\/pages"}],"about":[{"href":"https:\/\/shopmarkete.com\/de\/wp-json\/wp\/v2\/types\/page"}],"author":[{"embeddable":true,"href":"https:\/\/shopmarkete.com\/de\/wp-json\/wp\/v2\/users\/2"}],"replies":[{"embeddable":true,"href":"https:\/\/shopmarkete.com\/de\/wp-json\/wp\/v2\/comments?post=9401"}],"version-history":[{"count":4,"href":"https:\/\/shopmarkete.com\/de\/wp-json\/wp\/v2\/pages\/9401\/revisions"}],"predecessor-version":[{"id":9408,"href":"https:\/\/shopmarkete.com\/de\/wp-json\/wp\/v2\/pages\/9401\/revisions\/9408"}],"wp:attachment":[{"href":"https:\/\/shopmarkete.com\/de\/wp-json\/wp\/v2\/media?parent=9401"}],"curies":[{"name":"wp","href":"https:\/\/api.w.org\/{rel}","templated":true}]}}